{"id":223,"date":"2021-10-21T13:27:04","date_gmt":"2021-10-21T13:27:04","guid":{"rendered":"https:\/\/wijnzoalswijnbedoeldis.nl\/?post_type=product&#038;p=223"},"modified":"2021-10-21T13:27:04","modified_gmt":"2021-10-21T13:27:04","slug":"puur-rose-syrah","status":"publish","type":"product","link":"https:\/\/wijnzoalswijnbedoeldis.nl\/index.php\/product\/puur-rose-syrah\/","title":{"rendered":"Puur Ros\u00e9 &#8211; Syrah"},"content":{"rendered":"<div class=\"uk-panel uk-margin\">\n<p><strong>Druivenras:<\/strong>\u00a0Syrah<br \/>\n<strong>Land en wijngebied<\/strong>: Spanje \u2013 La Mancha<br \/>\n<strong>Bodemsoort<\/strong>: Kalk en Leisteen<br \/>\n<strong>Type wijn<\/strong>: Ros\u00e9 wijn \u2013 Vegan \u2013 Gebotteld op het wijnhuis<\/p>\n<\/div>\n<h2>Duurzaamheid<\/h2>\n<div class=\"uk-panel uk-margin\">Bij het maken van deze heerlijke Ros\u00e9 wordt het insectenleven gespaard. Er worden in de wijngaarden geen zware pesticiden gebruikt zodat de insecten en de vogels die deze insecten eten blijven voortbestaan.<\/div>\n<h2>Zuivere wijn<\/h2>\n<div class=\"uk-panel uk-margin\">Puur Ros\u00e9 is anders dan veel andere wijnen, een zuivere wijn. Zuivere wijn is wijn zonder bacteri\u00ebn en schimmels en met maar een heel klein beetje sulfiet. Sulfiet is nodig om bacteri\u00ebn en schimmels te doden. Deze wijn wordt met temperatuur gecontroleerd transport naar Nederland gebracht. Zo blijft de wijn zuiver en lekker!<\/div>\n<h2>Genieten<\/h2>\n<div class=\"uk-panel uk-margin\">\n<p>Deze wijn is fruitig, stijlvol, vriendelijk en geschikt voor elke gelegenheid. De duidelijkste geur- en smaakkenmerken zijn framboos en rode kers. Door zijn frisse smaak en zuiverheid is de Puur Ros\u00e9 heerlijk bij vegetarische gerechten met bijvoorbeeld zoete aardappel of gegrilde groente. Ook is deze wijn heerlijk bij diverse visgerechten en met een barbecue. Geniet van deze wijn samen met je vrienden in de tuin of op je balkon.<\/p>\n<\/div>\n","protected":false},"excerpt":{"rendered":"<p>Druivenras:\u00a0Syrah Land en wijngebied: Spanje \u2013 La Mancha Bodemsoort: Kalk en Leisteen Type wijn: Ros\u00e9 wijn \u2013 Vegan \u2013 Gebotteld op het wijnhuis Duurzaamheid Bij het maken van deze heerlijke Ros\u00e9 wordt het insectenleven gespaard. Er worden in de wijngaarden geen zware pesticiden gebruikt zodat de insecten en de vogels die deze insecten eten blijven [&hellip;]<\/p>\n","protected":false},"featured_media":219,"comment_status":"open","ping_status":"closed","template":"","meta":[],"product_cat":[19,22],"product_tag":[],"class_list":{"0":"post-223","1":"product","2":"type-product","3":"status-publish","4":"has-post-thumbnail","6":"product_cat-onze-wijnen","7":"product_cat-rose","9":"first","10":"instock","11":"shipping-taxable","12":"product-type-simple"},"yoast_head":"<!-- This site is optimized with the Yoast SEO plugin v23.8 - https:\/\/yoast.com\/wordpress\/plugins\/seo\/ -->\n<title>Puur Ros\u00e9 - Syrah - &#039;t Wijnwinkeltje<\/title>\n<meta name=\"description\" content=\"Puur Ros\u00e9 Syrah uit Spanje | Duurzame wijnen gemaakt door de beste wijnhuizen van Europa | Zuiver, Vegan en Heerlijk\" \/>\n<meta name=\"robots\" content=\"index, follow, max-snippet:-1, max-image-preview:large, max-video-preview:-1\" \/>\n<link rel=\"canonical\" href=\"https:\/\/wijnzoalswijnbedoeldis.nl\/index.php\/product\/puur-rose-syrah\/\" \/>\n<meta property=\"og:locale\" content=\"nl_NL\" \/>\n<meta property=\"og:type\" content=\"article\" \/>\n<meta property=\"og:title\" content=\"Puur Ros\u00e9 - Syrah - &#039;t Wijnwinkeltje\" \/>\n<meta property=\"og:description\" content=\"Puur Ros\u00e9 Syrah uit Spanje | Duurzame wijnen gemaakt door de beste wijnhuizen van Europa | Zuiver, Vegan en Heerlijk\" \/>\n<meta property=\"og:url\" content=\"https:\/\/wijnzoalswijnbedoeldis.nl\/index.php\/product\/puur-rose-syrah\/\" \/>\n<meta property=\"og:site_name\" content=\"&#039;t Wijnwinkeltje\" \/>\n<meta property=\"og:image\" content=\"https:\/\/wijnzoalswijnbedoeldis.nl\/wp-content\/uploads\/2021\/10\/Puur-Rose-syrah-zuivere-wijn.webp\" \/>\n\t<meta property=\"og:image:width\" content=\"1920\" \/>\n\t<meta property=\"og:image:height\" content=\"1920\" \/>\n\t<meta property=\"og:image:type\" content=\"image\/webp\" \/>\n<meta name=\"twitter:card\" content=\"summary_large_image\" \/>\n<meta name=\"twitter:label1\" content=\"Geschatte leestijd\" \/>\n\t<meta name=\"twitter:data1\" content=\"1 minuut\" \/>\n<script type=\"application\/ld+json\" class=\"yoast-schema-graph\">{\"@context\":\"https:\/\/schema.org\",\"@graph\":[{\"@type\":\"WebPage\",\"@id\":\"https:\/\/wijnzoalswijnbedoeldis.nl\/index.php\/product\/puur-rose-syrah\/\",\"url\":\"https:\/\/wijnzoalswijnbedoeldis.nl\/index.php\/product\/puur-rose-syrah\/\",\"name\":\"Puur Ros\u00e9 - Syrah - &#039;t Wijnwinkeltje\",\"isPartOf\":{\"@id\":\"https:\/\/wijnzoalswijnbedoeldis.nl\/#website\"},\"primaryImageOfPage\":{\"@id\":\"https:\/\/wijnzoalswijnbedoeldis.nl\/index.php\/product\/puur-rose-syrah\/#primaryimage\"},\"image\":{\"@id\":\"https:\/\/wijnzoalswijnbedoeldis.nl\/index.php\/product\/puur-rose-syrah\/#primaryimage\"},\"thumbnailUrl\":\"https:\/\/wijnzoalswijnbedoeldis.nl\/wp-content\/uploads\/2021\/10\/Puur-Rose-syrah-zuivere-wijn.webp\",\"datePublished\":\"2021-10-21T13:27:04+00:00\",\"dateModified\":\"2021-10-21T13:27:04+00:00\",\"description\":\"Puur Ros\u00e9 Syrah uit Spanje | Duurzame wijnen gemaakt door de beste wijnhuizen van Europa | Zuiver, Vegan en Heerlijk\",\"breadcrumb\":{\"@id\":\"https:\/\/wijnzoalswijnbedoeldis.nl\/index.php\/product\/puur-rose-syrah\/#breadcrumb\"},\"inLanguage\":\"nl-NL\",\"potentialAction\":[{\"@type\":\"ReadAction\",\"target\":[\"https:\/\/wijnzoalswijnbedoeldis.nl\/index.php\/product\/puur-rose-syrah\/\"]}]},{\"@type\":\"ImageObject\",\"inLanguage\":\"nl-NL\",\"@id\":\"https:\/\/wijnzoalswijnbedoeldis.nl\/index.php\/product\/puur-rose-syrah\/#primaryimage\",\"url\":\"https:\/\/wijnzoalswijnbedoeldis.nl\/wp-content\/uploads\/2021\/10\/Puur-Rose-syrah-zuivere-wijn.webp\",\"contentUrl\":\"https:\/\/wijnzoalswijnbedoeldis.nl\/wp-content\/uploads\/2021\/10\/Puur-Rose-syrah-zuivere-wijn.webp\",\"width\":1920,\"height\":1920},{\"@type\":\"BreadcrumbList\",\"@id\":\"https:\/\/wijnzoalswijnbedoeldis.nl\/index.php\/product\/puur-rose-syrah\/#breadcrumb\",\"itemListElement\":[{\"@type\":\"ListItem\",\"position\":1,\"name\":\"Home\",\"item\":\"https:\/\/wijnzoalswijnbedoeldis.nl\/\"},{\"@type\":\"ListItem\",\"position\":2,\"name\":\"Producten\",\"item\":\"https:\/\/wijnzoalswijnbedoeldis.nl\/index.php\/winkel\/\"},{\"@type\":\"ListItem\",\"position\":3,\"name\":\"Puur Ros\u00e9 &#8211; Syrah\"}]},{\"@type\":\"WebSite\",\"@id\":\"https:\/\/wijnzoalswijnbedoeldis.nl\/#website\",\"url\":\"https:\/\/wijnzoalswijnbedoeldis.nl\/\",\"name\":\"&#039;t Wijnwinkeltje\",\"description\":\"Wijn Zoals Wijn Bedoeld Is\",\"publisher\":{\"@id\":\"https:\/\/wijnzoalswijnbedoeldis.nl\/#organization\"},\"potentialAction\":[{\"@type\":\"SearchAction\",\"target\":{\"@type\":\"EntryPoint\",\"urlTemplate\":\"https:\/\/wijnzoalswijnbedoeldis.nl\/?s={search_term_string}\"},\"query-input\":{\"@type\":\"PropertyValueSpecification\",\"valueRequired\":true,\"valueName\":\"search_term_string\"}}],\"inLanguage\":\"nl-NL\"},{\"@type\":\"Organization\",\"@id\":\"https:\/\/wijnzoalswijnbedoeldis.nl\/#organization\",\"name\":\"&#039;t Wijnwinkeltje\",\"url\":\"https:\/\/wijnzoalswijnbedoeldis.nl\/\",\"logo\":{\"@type\":\"ImageObject\",\"inLanguage\":\"nl-NL\",\"@id\":\"https:\/\/wijnzoalswijnbedoeldis.nl\/#\/schema\/logo\/image\/\",\"url\":\"https:\/\/wijnzoalswijnbedoeldis.nl\/wp-content\/uploads\/2021\/02\/Artboard-1.png\",\"contentUrl\":\"https:\/\/wijnzoalswijnbedoeldis.nl\/wp-content\/uploads\/2021\/02\/Artboard-1.png\",\"width\":2865,\"height\":2811,\"caption\":\"&#039;t Wijnwinkeltje\"},\"image\":{\"@id\":\"https:\/\/wijnzoalswijnbedoeldis.nl\/#\/schema\/logo\/image\/\"}}]}<\/script>\n<!-- \/ Yoast SEO plugin. -->","yoast_head_json":{"title":"Puur Ros\u00e9 - Syrah - &#039;t Wijnwinkeltje","description":"Puur Ros\u00e9 Syrah uit Spanje | Duurzame wijnen gemaakt door de beste wijnhuizen van Europa | Zuiver, Vegan en Heerlijk","robots":{"index":"index","follow":"follow","max-snippet":"max-snippet:-1","max-image-preview":"max-image-preview:large","max-video-preview":"max-video-preview:-1"},"canonical":"https:\/\/wijnzoalswijnbedoeldis.nl\/index.php\/product\/puur-rose-syrah\/","og_locale":"nl_NL","og_type":"article","og_title":"Puur Ros\u00e9 - Syrah - &#039;t Wijnwinkeltje","og_description":"Puur Ros\u00e9 Syrah uit Spanje | Duurzame wijnen gemaakt door de beste wijnhuizen van Europa | Zuiver, Vegan en Heerlijk","og_url":"https:\/\/wijnzoalswijnbedoeldis.nl\/index.php\/product\/puur-rose-syrah\/","og_site_name":"&#039;t Wijnwinkeltje","og_image":[{"width":1920,"height":1920,"url":"https:\/\/wijnzoalswijnbedoeldis.nl\/wp-content\/uploads\/2021\/10\/Puur-Rose-syrah-zuivere-wijn.webp","type":"image\/webp"}],"twitter_card":"summary_large_image","twitter_misc":{"Geschatte leestijd":"1 minuut"},"schema":{"@context":"https:\/\/schema.org","@graph":[{"@type":"WebPage","@id":"https:\/\/wijnzoalswijnbedoeldis.nl\/index.php\/product\/puur-rose-syrah\/","url":"https:\/\/wijnzoalswijnbedoeldis.nl\/index.php\/product\/puur-rose-syrah\/","name":"Puur Ros\u00e9 - Syrah - &#039;t Wijnwinkeltje","isPartOf":{"@id":"https:\/\/wijnzoalswijnbedoeldis.nl\/#website"},"primaryImageOfPage":{"@id":"https:\/\/wijnzoalswijnbedoeldis.nl\/index.php\/product\/puur-rose-syrah\/#primaryimage"},"image":{"@id":"https:\/\/wijnzoalswijnbedoeldis.nl\/index.php\/product\/puur-rose-syrah\/#primaryimage"},"thumbnailUrl":"https:\/\/wijnzoalswijnbedoeldis.nl\/wp-content\/uploads\/2021\/10\/Puur-Rose-syrah-zuivere-wijn.webp","datePublished":"2021-10-21T13:27:04+00:00","dateModified":"2021-10-21T13:27:04+00:00","description":"Puur Ros\u00e9 Syrah uit Spanje | Duurzame wijnen gemaakt door de beste wijnhuizen van Europa | Zuiver, Vegan en Heerlijk","breadcrumb":{"@id":"https:\/\/wijnzoalswijnbedoeldis.nl\/index.php\/product\/puur-rose-syrah\/#breadcrumb"},"inLanguage":"nl-NL","potentialAction":[{"@type":"ReadAction","target":["https:\/\/wijnzoalswijnbedoeldis.nl\/index.php\/product\/puur-rose-syrah\/"]}]},{"@type":"ImageObject","inLanguage":"nl-NL","@id":"https:\/\/wijnzoalswijnbedoeldis.nl\/index.php\/product\/puur-rose-syrah\/#primaryimage","url":"https:\/\/wijnzoalswijnbedoeldis.nl\/wp-content\/uploads\/2021\/10\/Puur-Rose-syrah-zuivere-wijn.webp","contentUrl":"https:\/\/wijnzoalswijnbedoeldis.nl\/wp-content\/uploads\/2021\/10\/Puur-Rose-syrah-zuivere-wijn.webp","width":1920,"height":1920},{"@type":"BreadcrumbList","@id":"https:\/\/wijnzoalswijnbedoeldis.nl\/index.php\/product\/puur-rose-syrah\/#breadcrumb","itemListElement":[{"@type":"ListItem","position":1,"name":"Home","item":"https:\/\/wijnzoalswijnbedoeldis.nl\/"},{"@type":"ListItem","position":2,"name":"Producten","item":"https:\/\/wijnzoalswijnbedoeldis.nl\/index.php\/winkel\/"},{"@type":"ListItem","position":3,"name":"Puur Ros\u00e9 &#8211; Syrah"}]},{"@type":"WebSite","@id":"https:\/\/wijnzoalswijnbedoeldis.nl\/#website","url":"https:\/\/wijnzoalswijnbedoeldis.nl\/","name":"&#039;t Wijnwinkeltje","description":"Wijn Zoals Wijn Bedoeld Is","publisher":{"@id":"https:\/\/wijnzoalswijnbedoeldis.nl\/#organization"},"potentialAction":[{"@type":"SearchAction","target":{"@type":"EntryPoint","urlTemplate":"https:\/\/wijnzoalswijnbedoeldis.nl\/?s={search_term_string}"},"query-input":{"@type":"PropertyValueSpecification","valueRequired":true,"valueName":"search_term_string"}}],"inLanguage":"nl-NL"},{"@type":"Organization","@id":"https:\/\/wijnzoalswijnbedoeldis.nl\/#organization","name":"&#039;t Wijnwinkeltje","url":"https:\/\/wijnzoalswijnbedoeldis.nl\/","logo":{"@type":"ImageObject","inLanguage":"nl-NL","@id":"https:\/\/wijnzoalswijnbedoeldis.nl\/#\/schema\/logo\/image\/","url":"https:\/\/wijnzoalswijnbedoeldis.nl\/wp-content\/uploads\/2021\/02\/Artboard-1.png","contentUrl":"https:\/\/wijnzoalswijnbedoeldis.nl\/wp-content\/uploads\/2021\/02\/Artboard-1.png","width":2865,"height":2811,"caption":"&#039;t Wijnwinkeltje"},"image":{"@id":"https:\/\/wijnzoalswijnbedoeldis.nl\/#\/schema\/logo\/image\/"}}]}},"_links":{"self":[{"href":"https:\/\/wijnzoalswijnbedoeldis.nl\/index.php\/wp-json\/wp\/v2\/product\/223","targetHints":{"allow":["GET"]}}],"collection":[{"href":"https:\/\/wijnzoalswijnbedoeldis.nl\/index.php\/wp-json\/wp\/v2\/product"}],"about":[{"href":"https:\/\/wijnzoalswijnbedoeldis.nl\/index.php\/wp-json\/wp\/v2\/types\/product"}],"replies":[{"embeddable":true,"href":"https:\/\/wijnzoalswijnbedoeldis.nl\/index.php\/wp-json\/wp\/v2\/comments?post=223"}],"wp:featuredmedia":[{"embeddable":true,"href":"https:\/\/wijnzoalswijnbedoeldis.nl\/index.php\/wp-json\/wp\/v2\/media\/219"}],"wp:attachment":[{"href":"https:\/\/wijnzoalswijnbedoeldis.nl\/index.php\/wp-json\/wp\/v2\/media?parent=223"}],"wp:term":[{"taxonomy":"product_cat","embeddable":true,"href":"https:\/\/wijnzoalswijnbedoeldis.nl\/index.php\/wp-json\/wp\/v2\/product_cat?post=223"},{"taxonomy":"product_tag","embeddable":true,"href":"https:\/\/wijnzoalswijnbedoeldis.nl\/index.php\/wp-json\/wp\/v2\/product_tag?post=223"}],"curies":[{"name":"wp","href":"https:\/\/api.w.org\/{rel}","templated":true}]}}